{"id":751,"date":"2022-05-30T17:06:47","date_gmt":"2022-05-30T20:06:47","guid":{"rendered":"http:\/\/naturezabrazil.com\/?page_id=2"},"modified":"2022-05-30T17:06:48","modified_gmt":"2022-05-30T20:06:48","slug":"products","status":"publish","type":"page","link":"https:\/\/naturezabrazil.com\/index.php\/products\/","title":{"rendered":"Products"},"content":{"rendered":"\n\n\n\n<h2>Get back to the nature<br>Feel the power of A\u00e7a\u00ed<\/h2>\n\n\n\n<h2><br><\/h2>\n\n\n\n\n\n\n\n\n\n<p style=\"text-align: center; line-height: 1.5; font-size: medium;\"><span style=\"font-family: Montserrat; font-size: x-large; color: rgb(255, 255, 255);\">A\u00e7a\u00ed is the main element of all our products.\n<\/span><\/p>\n\n\n<p style=\"text-align: center; line-height: 1.5; font-size: medium;\"><span style=\"font-family: Montserrat; font-size: x-large; color: rgb(255, 255, 255);\">With A\u00e7a\u00ed your hair comes back to life<\/span><\/p>\n\n\n\n\n\n\n\n<h2>About Natureza Brazil<\/h2>\n\n\n<h2>Natureza Brazil is a Brazilian, 100% vegan and cruelty free brand. Nature and health are the two most valuable elements for all our creations. <br><\/h2><h2 style=\"text-decoration-style: initial;\">And based on this concept, we developed all our products with A\u00e7a\u00ed as the main ingredient. A\u00e7a\u00ed promotes youth, cure and rejuvenation for all hair types, and that is what we look for.<\/h2>\n\n\n\n\n\n\n\n\n\n<h2><strong>Know our Products<\/strong><\/h2>\n\n\n\n\n\n\n\n\n\n\n<h2 style=\"color: rgb(255, 255, 255);\">A\u00c7A\u00cd<strong><br>MINERAL<\/strong><br>SHAMPOO<\/h2>\n\n\n\n\n\n<h2>&nbsp; &nbsp; &nbsp; &nbsp;Deep Cleanse<\/h2>\n\n\n<h2>Removes urban pollutants <br>from hair<\/h2>\n\n\n\n\n\n<h2>&nbsp; &nbsp; &nbsp;Caring<\/h2>\n\n\n<h2>Avoids and Prevents <br>Hair Loss<\/h2>\n\n\n\n\n\n<h2>&nbsp; &nbsp; &nbsp; Safe<\/h2>\n\n\n<h2>Vegan and Cruelty free<\/h2>\n\n\n\n\n\n\n\n\n\n\n<h2 style=\"color: rgb(255, 255, 255);\"><strong>A\u00c7A\u00cd <br>MINERAL<br>CONDITIONER<\/strong><\/h2>\n\n\n\n\n\n<h2>&nbsp; &nbsp; &nbsp; Hydration<\/h2>\n\n\n<h2>Deep moisturing <br>and nourishing<\/h2>\n\n\n\n\n\n<h2>&nbsp; &nbsp; &nbsp; Youth<\/h2>\n\n\n<h2>Anti-aging<br>benefits<\/h2>\n\n\n\n\n\n<h2>&nbsp; &nbsp; &nbsp; Safe<\/h2>\n\n\n<h2>Vegan and Cruelty free<\/h2>\n\n\n<h2>Vegan and Cruelty free<\/h2>\n\n\n\n\n\n\n\n\n\n\n\n\n\n\n\n<h2 style=\"color: rgb(255, 255, 255);\">A\u00c7A\u00cd<strong><br>MINERAL<\/strong><br>LEAVE IN<\/h2>\n\n\n\n\n\n<h2>&nbsp; &nbsp; &nbsp;Renewal<\/h2>\n\n\n<h2>Seals hair<br>&nbsp;double end<\/h2>\n\n\n\n\n\n&nbsp; &nbsp; &nbsp; &nbsp;Daily Frinend\n\n\n<h2>Anti Frizz<br>&nbsp;agent<\/h2>\n\n\n\n\n\n<h2>&nbsp; &nbsp; &nbsp; &nbsp;Safe<\/h2>\n\n\n<h2>Vegan and Cruelty free<\/h2>\n\n\n\n\n\n\n\n\n\n\n<h2 style=\"color: rgb(255, 255, 255);\"><strong>A\u00c7A\u00cd <br>MINERAL<br>MASK<\/strong><\/h2>\n\n\n\n\n\n<h2>&nbsp; &nbsp; Cure<\/h2>\n\n\n<h2>Reverses harm caused by sun <br>and chemical treatments<\/h2>\n\n\n\n\n\n<h2>&nbsp; &nbsp; &nbsp;Shiny<\/h2>\n\n\n<h2>Brings shine and moisture <br>back to the hair<\/h2>\n\n\n\n\n\n<h2>&nbsp; &nbsp; &nbsp; Safe<\/h2>\n\n\n<h2>Vegan and Cruelty free<\/h2>\n\n\n\n\n\n\n\n\n\n\n\n\n<h2>Natureza Brazil<\/h2>\n\n\n<h2>all rights reserved \u00a9<\/h2>\n\n\n\n\n<p style=\"font-family: Montserrat; color: rgb(255, 255, 255); text-align: right;\">Talk to us:<\/p>\n\n\n<p style=\"font-family: Montserrat; color: rgb(255, 255, 255); text-align: right;\">info@naturezabrazil.com<\/p>\n\n\n","protected":false},"excerpt":{"rendered":"","protected":false},"author":1,"featured_media":0,"parent":0,"menu_order":0,"comment_status":"closed","ping_status":"closed","template":"","meta":{"disable_featured_image":false,"footnotes":""},"class_list":["post-751","page","type-page","status-publish","hentry"],"_links":{"self":[{"href":"https:\/\/naturezabrazil.com\/index.php\/wp-json\/wp\/v2\/pages\/751","targetHints":{"allow":["GET"]}}],"collection":[{"href":"https:\/\/naturezabrazil.com\/index.php\/wp-json\/wp\/v2\/pages"}],"about":[{"href":"https:\/\/naturezabrazil.com\/index.php\/wp-json\/wp\/v2\/types\/page"}],"author":[{"embeddable":true,"href":"https:\/\/naturezabrazil.com\/index.php\/wp-json\/wp\/v2\/users\/1"}],"replies":[{"embeddable":true,"href":"https:\/\/naturezabrazil.com\/index.php\/wp-json\/wp\/v2\/comments?post=751"}],"version-history":[{"count":1,"href":"https:\/\/naturezabrazil.com\/index.php\/wp-json\/wp\/v2\/pages\/751\/revisions"}],"predecessor-version":[{"id":753,"href":"https:\/\/naturezabrazil.com\/index.php\/wp-json\/wp\/v2\/pages\/751\/revisions\/753"}],"wp:attachment":[{"href":"https:\/\/naturezabrazil.com\/index.php\/wp-json\/wp\/v2\/media?parent=751"}],"curies":[{"name":"wp","href":"https:\/\/api.w.org\/{rel}","templated":true}]}}